{"id":1264,"date":"2024-09-25T09:04:55","date_gmt":"2024-09-25T09:04:55","guid":{"rendered":"https:\/\/www.ajahouse.fr\/?page_id=1264"},"modified":"2025-06-04T09:38:02","modified_gmt":"2025-06-04T09:38:02","slug":"mentions-legales","status":"publish","type":"page","link":"https:\/\/www.ajahouse.fr\/en\/mentions-legales\/","title":{"rendered":"Mentions L\u00e9gales"},"content":{"rendered":"<div data-elementor-type=\"wp-page\" data-elementor-id=\"1264\" class=\"elementor elementor-1264\" data-elementor-post-type=\"page\">\n\t\t\t\t\t\t<section class=\"elementor-section elementor-top-section elementor-element elementor-element-2a84e71 elementor-section-full_width elementor-section-content-bottom elementor-section-height-default elementor-section-height-default exad-glass-effect-no wpr-particle-no wpr-jarallax-no wpr-parallax-no wpr-sticky-section-no exad-sticky-section-no\" data-id=\"2a84e71\" data-element_type=\"section\" data-e-type=\"section\" data-settings=\"{&quot;background_background&quot;:&quot;classic&quot;,&quot;ekit_has_onepagescroll_dot&quot;:&quot;yes&quot;}\">\n\t\t\t\t\t\t<div class=\"elementor-container elementor-column-gap-no\">\n\t\t\t\t\t<div class=\"elementor-column elementor-col-100 elementor-top-column elementor-element elementor-element-327f1ae exad-glass-effect-no exad-sticky-section-no\" data-id=\"327f1ae\" data-element_type=\"column\" data-e-type=\"column\">\n\t\t\t<div class=\"elementor-widget-wrap elementor-element-populated\">\n\t\t\t\t\t\t<div class=\"elementor-element elementor-element-33fe5dd exad-sticky-section-no exad-glass-effect-no elementor-widget elementor-widget-heading\" data-id=\"33fe5dd\" data-element_type=\"widget\" data-e-type=\"widget\" data-settings=\"{&quot;ekit_we_effect_on&quot;:&quot;none&quot;}\" data-widget_type=\"heading.default\">\n\t\t\t\t<div class=\"elementor-widget-container\">\n\t\t\t\t\t<h2 class=\"elementor-heading-title elementor-size-default\">Mentions L\u00e9gales<\/h2>\t\t\t\t<\/div>\n\t\t\t\t<\/div>\n\t\t\t\t<div class=\"elementor-element elementor-element-200f231 exad-sticky-section-no exad-glass-effect-no elementor-widget elementor-widget-text-editor\" data-id=\"200f231\" data-element_type=\"widget\" data-e-type=\"widget\" data-settings=\"{&quot;ekit_we_effect_on&quot;:&quot;none&quot;}\" data-widget_type=\"text-editor.default\">\n\t\t\t\t<div class=\"elementor-widget-container\">\n\t\t\t\t\t\t\t\t\t<p><strong>1.\u00c9diteur<br \/><\/strong>The Pilates Society, Soci\u00e9t\u00e9 par actions simplifi\u00e9es au capital de 1 000 euros, immatricul\u00e9e au RCS de Paris sous le n\u00b0 931 970 727, dont le si\u00e8ge social est situ\u00e9 \u00e0 5 rue Dupont des Loges 75007 PARIS.<\/p><p>Directrice de la publication : Lauren Carraud<br \/>T\u00e9l\u00e9phone : +33 (0)6 01 81 25 99<br \/>Adresse \u00e9lectronique : <a rel=\"noopener\">contact@ajahouse.fr<\/a><\/p><p><strong>2.H\u00e9bergeur<\/strong><br \/>Ce site est h\u00e9berg\u00e9 par la soci\u00e9t\u00e9 OVH, situ\u00e9e 2 rue Kellermann, Roubaix 59100, et joignable au 1007.<\/p><p><strong>3. Propri\u00e9t\u00e9 Intellectuelle<\/strong><br \/>La structure g\u00e9n\u00e9rale de ce site, ainsi que sa maquette graphique et les informations, photographies, images, textes, s\u00e9quences vid\u00e9o et autres documents composant le site sont soumis aux lois prot\u00e9geant la propri\u00e9t\u00e9 intellectuelle et sont la propri\u00e9t\u00e9 de The Pilates Society ou de tiers ayant autoris\u00e9 limitativement The Pilates Society \u00e0 les utiliser.<br \/>A ce titre, toute reproduction, repr\u00e9sentation, adaptation, traduction et\/ou transformation, partielle ou int\u00e9grale, de ce site ou de ses composants, par quelque proc\u00e9d\u00e9 que ce soit, sans autorisation pr\u00e9alable et \u00e9crite de The Pilates Society, est interdite (\u00e0 l\u2019exception des copies pour usage priv\u00e9 et de celles r\u00e9alis\u00e9es pour les besoins de la presse), et constituerait une contrefa\u00e7on sanctionn\u00e9e notamment par les articles L. 335-2 et suivants du Code de la propri\u00e9t\u00e9 intellectuelle, susceptible d\u2019engager la responsabilit\u00e9 civile et\/ou p\u00e9nale de son auteur.<\/p><p>La marque Aja House ainsi que les logos figurant sur le site sont des marques d\u00e9pos\u00e9es. Toute reproduction totale ou partielle de ces marques ou de ces logos effectu\u00e9e \u00e0 partir des \u00e9l\u00e9ments du site sans l\u2019autorisation expresse de la soci\u00e9t\u00e9 The Pilates Society est donc prohib\u00e9e au sens du Code de la Propri\u00e9t\u00e9 Intellectuelle.<\/p><p><strong>Cr\u00e9ation du site web<\/strong><br \/>La conception et le d\u00e9veloppement de la maquette graphique du site ont \u00e9t\u00e9 r\u00e9alis\u00e9s par <a href=\"https:\/\/nomade-webdesign.com\/\">Nomade Design Studio<\/a>.\u00a0\u00a0<\/p>\t\t\t\t\t\t\t\t<\/div>\n\t\t\t\t<\/div>\n\t\t\t\t\t<\/div>\n\t\t<\/div>\n\t\t\t\t\t<\/div>\n\t\t<\/section>\n\t\t\t\t<\/div>","protected":false},"excerpt":{"rendered":"<p>Mentions L\u00e9gales 1.\u00c9diteurThe Pilates Society, Soci\u00e9t\u00e9 par actions simplifi\u00e9es au capital de 1 000 euros, immatricul\u00e9e au RCS de Paris sous le n\u00b0 931 970 727, dont le si\u00e8ge social est situ\u00e9 \u00e0 5 rue Dupont des Loges 75007 PARIS. Directrice de la publication : Lauren CarraudT\u00e9l\u00e9phone : +33 (0)6 01 81 25 99Adresse \u00e9lectronique : contact@ajahouse.fr 2.H\u00e9bergeurCe site est h\u00e9berg\u00e9 par la soci\u00e9t\u00e9 OVH, situ\u00e9e 2 rue Kellermann, Roubaix 59100, et joignable au 1007. 3. Propri\u00e9t\u00e9 IntellectuelleLa structure g\u00e9n\u00e9rale de ce site, ainsi que sa maquette graphique et les informations, photographies, images, textes, s\u00e9quences vid\u00e9o et autres documents composant le site sont soumis aux lois prot\u00e9geant la propri\u00e9t\u00e9 intellectuelle et sont la propri\u00e9t\u00e9 de The Pilates Society ou de tiers ayant autoris\u00e9 limitativement The Pilates Society \u00e0 les utiliser.A ce titre, toute reproduction, repr\u00e9sentation, adaptation, traduction et\/ou transformation, partielle ou int\u00e9grale, de ce site ou de ses composants, par quelque proc\u00e9d\u00e9 que ce soit, sans autorisation pr\u00e9alable et \u00e9crite de The Pilates Society, est interdite (\u00e0 l\u2019exception des copies pour usage priv\u00e9 et de celles r\u00e9alis\u00e9es pour les besoins de la presse), et constituerait une contrefa\u00e7on sanctionn\u00e9e notamment par les articles L. 335-2 et suivants du Code de la propri\u00e9t\u00e9 intellectuelle, susceptible d\u2019engager la responsabilit\u00e9 civile et\/ou p\u00e9nale de son auteur. La marque Aja House ainsi que les logos figurant sur le site sont des marques d\u00e9pos\u00e9es. Toute reproduction totale ou partielle de ces marques ou de ces logos effectu\u00e9e \u00e0 partir des \u00e9l\u00e9ments du site sans l\u2019autorisation expresse de la soci\u00e9t\u00e9 The Pilates Society est donc prohib\u00e9e au sens du Code de la Propri\u00e9t\u00e9 Intellectuelle. Cr\u00e9ation du site webLa conception et le d\u00e9veloppement de la maquette graphique du site ont \u00e9t\u00e9 r\u00e9alis\u00e9s par Nomade Design Studio.\u00a0\u00a0<\/p>","protected":false},"author":1,"featured_media":0,"parent":0,"menu_order":0,"comment_status":"closed","ping_status":"closed","template":"","meta":{"_eb_attr":"","footnotes":""},"class_list":["post-1264","page","type-page","status-publish","hentry"],"yoast_head":"<!-- This site is optimized with the Yoast SEO Premium plugin v24.7 (Yoast SEO v27.3) - https:\/\/yoast.com\/product\/yoast-seo-premium-wordpress\/ -->\n<title>Mentions L\u00e9gales - Aja House<\/title>\n<meta name=\"robots\" content=\"index, follow, max-snippet:-1, max-image-preview:large, max-video-preview:-1\" \/>\n<link rel=\"canonical\" href=\"https:\/\/www.ajahouse.fr\/en\/mentions-legales\/\" \/>\n<meta property=\"og:locale\" content=\"en_US\" \/>\n<meta property=\"og:type\" content=\"article\" \/>\n<meta property=\"og:title\" content=\"Mentions L\u00e9gales\" \/>\n<meta property=\"og:description\" content=\"Mentions L\u00e9gales 1.\u00c9diteurThe Pilates Society, Soci\u00e9t\u00e9 par actions simplifi\u00e9es au capital de 1 000 euros, immatricul\u00e9e au RCS de Paris sous le n\u00b0 931 970 727, dont le si\u00e8ge social est situ\u00e9 \u00e0 5 rue Dupont des Loges 75007 PARIS. Directrice de la publication : Lauren CarraudT\u00e9l\u00e9phone : +33 (0)6 01 81 25 99Adresse \u00e9lectronique : contact@ajahouse.fr 2.H\u00e9bergeurCe site est h\u00e9berg\u00e9 par la soci\u00e9t\u00e9 OVH, situ\u00e9e 2 rue Kellermann, Roubaix 59100, et joignable au 1007. 3. Propri\u00e9t\u00e9 IntellectuelleLa structure g\u00e9n\u00e9rale de ce site, ainsi que sa maquette graphique et les informations, photographies, images, textes, s\u00e9quences vid\u00e9o et autres documents composant le site sont soumis aux lois prot\u00e9geant la propri\u00e9t\u00e9 intellectuelle et sont la propri\u00e9t\u00e9 de The Pilates Society ou de tiers ayant autoris\u00e9 limitativement The Pilates Society \u00e0 les utiliser.A ce titre, toute reproduction, repr\u00e9sentation, adaptation, traduction et\/ou transformation, partielle ou int\u00e9grale, de ce site ou de ses composants, par quelque proc\u00e9d\u00e9 que ce soit, sans autorisation pr\u00e9alable et \u00e9crite de The Pilates Society, est interdite (\u00e0 l\u2019exception des copies pour usage priv\u00e9 et de celles r\u00e9alis\u00e9es pour les besoins de la presse), et constituerait une contrefa\u00e7on sanctionn\u00e9e notamment par les articles L. 335-2 et suivants du Code de la propri\u00e9t\u00e9 intellectuelle, susceptible d\u2019engager la responsabilit\u00e9 civile et\/ou p\u00e9nale de son auteur. La marque Aja House ainsi que les logos figurant sur le site sont des marques d\u00e9pos\u00e9es. Toute reproduction totale ou partielle de ces marques ou de ces logos effectu\u00e9e \u00e0 partir des \u00e9l\u00e9ments du site sans l\u2019autorisation expresse de la soci\u00e9t\u00e9 The Pilates Society est donc prohib\u00e9e au sens du Code de la Propri\u00e9t\u00e9 Intellectuelle. Cr\u00e9ation du site webLa conception et le d\u00e9veloppement de la maquette graphique du site ont \u00e9t\u00e9 r\u00e9alis\u00e9s par Nomade Design Studio.\u00a0\u00a0\" \/>\n<meta property=\"og:url\" content=\"https:\/\/www.ajahouse.fr\/en\/mentions-legales\/\" \/>\n<meta property=\"og:site_name\" content=\"Aja House\" \/>\n<meta property=\"article:modified_time\" content=\"2025-06-04T09:38:02+00:00\" \/>\n<meta name=\"twitter:card\" content=\"summary_large_image\" \/>\n<meta name=\"twitter:label1\" content=\"Est. reading time\" \/>\n\t<meta name=\"twitter:data1\" content=\"2 minutes\" \/>\n<script type=\"application\/ld+json\" class=\"yoast-schema-graph\">{\"@context\":\"https:\\\/\\\/schema.org\",\"@graph\":[{\"@type\":\"WebPage\",\"@id\":\"https:\\\/\\\/www.ajahouse.fr\\\/en\\\/mentions-legales\\\/\",\"url\":\"https:\\\/\\\/www.ajahouse.fr\\\/en\\\/mentions-legales\\\/\",\"name\":\"Mentions L\u00e9gales - Aja House\",\"isPartOf\":{\"@id\":\"https:\\\/\\\/www.ajahouse.fr\\\/en\\\/#website\"},\"datePublished\":\"2024-09-25T09:04:55+00:00\",\"dateModified\":\"2025-06-04T09:38:02+00:00\",\"breadcrumb\":{\"@id\":\"https:\\\/\\\/www.ajahouse.fr\\\/en\\\/mentions-legales\\\/#breadcrumb\"},\"inLanguage\":\"en-US\",\"potentialAction\":[{\"@type\":\"ReadAction\",\"target\":[\"https:\\\/\\\/www.ajahouse.fr\\\/en\\\/mentions-legales\\\/\"]}]},{\"@type\":\"BreadcrumbList\",\"@id\":\"https:\\\/\\\/www.ajahouse.fr\\\/en\\\/mentions-legales\\\/#breadcrumb\",\"itemListElement\":[{\"@type\":\"ListItem\",\"position\":1,\"name\":\"Accueil\",\"item\":\"https:\\\/\\\/www.ajahouse.fr\\\/en\\\/\"},{\"@type\":\"ListItem\",\"position\":2,\"name\":\"Mentions L\u00e9gales\"}]},{\"@type\":\"WebSite\",\"@id\":\"https:\\\/\\\/www.ajahouse.fr\\\/en\\\/#website\",\"url\":\"https:\\\/\\\/www.ajahouse.fr\\\/en\\\/\",\"name\":\"Aja House\",\"description\":\"Studio de Pilates Reformer, Yoga, Barre et Cardio \u00b7 Paris 7\",\"publisher\":{\"@id\":\"https:\\\/\\\/www.ajahouse.fr\\\/en\\\/#organization\"},\"potentialAction\":[{\"@type\":\"SearchAction\",\"target\":{\"@type\":\"EntryPoint\",\"urlTemplate\":\"https:\\\/\\\/www.ajahouse.fr\\\/en\\\/?s={search_term_string}\"},\"query-input\":{\"@type\":\"PropertyValueSpecification\",\"valueRequired\":true,\"valueName\":\"search_term_string\"}}],\"inLanguage\":\"en-US\"},{\"@type\":\"Organization\",\"@id\":\"https:\\\/\\\/www.ajahouse.fr\\\/en\\\/#organization\",\"name\":\"Aja House\",\"url\":\"https:\\\/\\\/www.ajahouse.fr\\\/en\\\/\",\"logo\":{\"@type\":\"ImageObject\",\"inLanguage\":\"en-US\",\"@id\":\"https:\\\/\\\/www.ajahouse.fr\\\/en\\\/#\\\/schema\\\/logo\\\/image\\\/\",\"url\":\"https:\\\/\\\/www.ajahouse.fr\\\/wp-content\\\/uploads\\\/2024\\\/09\\\/WhatsApp-Image-2024-12-18-at-12.23.25-e1734521092486.jpeg\",\"contentUrl\":\"https:\\\/\\\/www.ajahouse.fr\\\/wp-content\\\/uploads\\\/2024\\\/09\\\/WhatsApp-Image-2024-12-18-at-12.23.25-e1734521092486.jpeg\",\"width\":458,\"height\":443,\"caption\":\"Aja House\"},\"image\":{\"@id\":\"https:\\\/\\\/www.ajahouse.fr\\\/en\\\/#\\\/schema\\\/logo\\\/image\\\/\"}}]}<\/script>\n<!-- \/ Yoast SEO Premium plugin. -->","yoast_head_json":{"title":"Mentions L\u00e9gales - Aja House","robots":{"index":"index","follow":"follow","max-snippet":"max-snippet:-1","max-image-preview":"max-image-preview:large","max-video-preview":"max-video-preview:-1"},"canonical":"https:\/\/www.ajahouse.fr\/en\/mentions-legales\/","og_locale":"en_US","og_type":"article","og_title":"Mentions L\u00e9gales","og_description":"Mentions L\u00e9gales 1.\u00c9diteurThe Pilates Society, Soci\u00e9t\u00e9 par actions simplifi\u00e9es au capital de 1 000 euros, immatricul\u00e9e au RCS de Paris sous le n\u00b0 931 970 727, dont le si\u00e8ge social est situ\u00e9 \u00e0 5 rue Dupont des Loges 75007 PARIS. Directrice de la publication : Lauren CarraudT\u00e9l\u00e9phone : +33 (0)6 01 81 25 99Adresse \u00e9lectronique : contact@ajahouse.fr 2.H\u00e9bergeurCe site est h\u00e9berg\u00e9 par la soci\u00e9t\u00e9 OVH, situ\u00e9e 2 rue Kellermann, Roubaix 59100, et joignable au 1007. 3. Propri\u00e9t\u00e9 IntellectuelleLa structure g\u00e9n\u00e9rale de ce site, ainsi que sa maquette graphique et les informations, photographies, images, textes, s\u00e9quences vid\u00e9o et autres documents composant le site sont soumis aux lois prot\u00e9geant la propri\u00e9t\u00e9 intellectuelle et sont la propri\u00e9t\u00e9 de The Pilates Society ou de tiers ayant autoris\u00e9 limitativement The Pilates Society \u00e0 les utiliser.A ce titre, toute reproduction, repr\u00e9sentation, adaptation, traduction et\/ou transformation, partielle ou int\u00e9grale, de ce site ou de ses composants, par quelque proc\u00e9d\u00e9 que ce soit, sans autorisation pr\u00e9alable et \u00e9crite de The Pilates Society, est interdite (\u00e0 l\u2019exception des copies pour usage priv\u00e9 et de celles r\u00e9alis\u00e9es pour les besoins de la presse), et constituerait une contrefa\u00e7on sanctionn\u00e9e notamment par les articles L. 335-2 et suivants du Code de la propri\u00e9t\u00e9 intellectuelle, susceptible d\u2019engager la responsabilit\u00e9 civile et\/ou p\u00e9nale de son auteur. La marque Aja House ainsi que les logos figurant sur le site sont des marques d\u00e9pos\u00e9es. Toute reproduction totale ou partielle de ces marques ou de ces logos effectu\u00e9e \u00e0 partir des \u00e9l\u00e9ments du site sans l\u2019autorisation expresse de la soci\u00e9t\u00e9 The Pilates Society est donc prohib\u00e9e au sens du Code de la Propri\u00e9t\u00e9 Intellectuelle. Cr\u00e9ation du site webLa conception et le d\u00e9veloppement de la maquette graphique du site ont \u00e9t\u00e9 r\u00e9alis\u00e9s par Nomade Design Studio.\u00a0\u00a0","og_url":"https:\/\/www.ajahouse.fr\/en\/mentions-legales\/","og_site_name":"Aja House","article_modified_time":"2025-06-04T09:38:02+00:00","twitter_card":"summary_large_image","twitter_misc":{"Est. reading time":"2 minutes"},"schema":{"@context":"https:\/\/schema.org","@graph":[{"@type":"WebPage","@id":"https:\/\/www.ajahouse.fr\/en\/mentions-legales\/","url":"https:\/\/www.ajahouse.fr\/en\/mentions-legales\/","name":"Mentions L\u00e9gales - Aja House","isPartOf":{"@id":"https:\/\/www.ajahouse.fr\/en\/#website"},"datePublished":"2024-09-25T09:04:55+00:00","dateModified":"2025-06-04T09:38:02+00:00","breadcrumb":{"@id":"https:\/\/www.ajahouse.fr\/en\/mentions-legales\/#breadcrumb"},"inLanguage":"en-US","potentialAction":[{"@type":"ReadAction","target":["https:\/\/www.ajahouse.fr\/en\/mentions-legales\/"]}]},{"@type":"BreadcrumbList","@id":"https:\/\/www.ajahouse.fr\/en\/mentions-legales\/#breadcrumb","itemListElement":[{"@type":"ListItem","position":1,"name":"Accueil","item":"https:\/\/www.ajahouse.fr\/en\/"},{"@type":"ListItem","position":2,"name":"Mentions L\u00e9gales"}]},{"@type":"WebSite","@id":"https:\/\/www.ajahouse.fr\/en\/#website","url":"https:\/\/www.ajahouse.fr\/en\/","name":"Aja House","description":"Studio de Pilates Reformer, Yoga, Barre et Cardio \u00b7 Paris 7","publisher":{"@id":"https:\/\/www.ajahouse.fr\/en\/#organization"},"potentialAction":[{"@type":"SearchAction","target":{"@type":"EntryPoint","urlTemplate":"https:\/\/www.ajahouse.fr\/en\/?s={search_term_string}"},"query-input":{"@type":"PropertyValueSpecification","valueRequired":true,"valueName":"search_term_string"}}],"inLanguage":"en-US"},{"@type":"Organization","@id":"https:\/\/www.ajahouse.fr\/en\/#organization","name":"Aja House","url":"https:\/\/www.ajahouse.fr\/en\/","logo":{"@type":"ImageObject","inLanguage":"en-US","@id":"https:\/\/www.ajahouse.fr\/en\/#\/schema\/logo\/image\/","url":"https:\/\/www.ajahouse.fr\/wp-content\/uploads\/2024\/09\/WhatsApp-Image-2024-12-18-at-12.23.25-e1734521092486.jpeg","contentUrl":"https:\/\/www.ajahouse.fr\/wp-content\/uploads\/2024\/09\/WhatsApp-Image-2024-12-18-at-12.23.25-e1734521092486.jpeg","width":458,"height":443,"caption":"Aja House"},"image":{"@id":"https:\/\/www.ajahouse.fr\/en\/#\/schema\/logo\/image\/"}}]}},"_links":{"self":[{"href":"https:\/\/www.ajahouse.fr\/en\/wp-json\/wp\/v2\/pages\/1264","targetHints":{"allow":["GET"]}}],"collection":[{"href":"https:\/\/www.ajahouse.fr\/en\/wp-json\/wp\/v2\/pages"}],"about":[{"href":"https:\/\/www.ajahouse.fr\/en\/wp-json\/wp\/v2\/types\/page"}],"author":[{"embeddable":true,"href":"https:\/\/www.ajahouse.fr\/en\/wp-json\/wp\/v2\/users\/1"}],"replies":[{"embeddable":true,"href":"https:\/\/www.ajahouse.fr\/en\/wp-json\/wp\/v2\/comments?post=1264"}],"version-history":[{"count":0,"href":"https:\/\/www.ajahouse.fr\/en\/wp-json\/wp\/v2\/pages\/1264\/revisions"}],"wp:attachment":[{"href":"https:\/\/www.ajahouse.fr\/en\/wp-json\/wp\/v2\/media?parent=1264"}],"curies":[{"name":"wp","href":"https:\/\/api.w.org\/{rel}","templated":true}]}}