{"id":81,"date":"2024-09-13T11:56:39","date_gmt":"2024-09-13T11:56:39","guid":{"rendered":"https:\/\/www.ajahouse.fr\/?page_id=81"},"modified":"2026-03-28T16:47:27","modified_gmt":"2026-03-28T16:47:27","slug":"planning","status":"publish","type":"page","link":"https:\/\/www.ajahouse.fr\/en\/planning\/","title":{"rendered":"Schedule"},"content":{"rendered":"<div data-elementor-type=\"wp-page\" data-elementor-id=\"81\" class=\"elementor elementor-81\" data-elementor-post-type=\"page\">\n\t\t\t\t\t\t<section class=\"elementor-section elementor-top-section elementor-element elementor-element-2a79aa6b elementor-section-boxed elementor-section-height-default elementor-section-height-default exad-glass-effect-no wpr-particle-no wpr-jarallax-no wpr-parallax-no wpr-sticky-section-no exad-sticky-section-no\" data-id=\"2a79aa6b\" data-element_type=\"section\" data-e-type=\"section\" id=\"xs_fun_18\" data-settings=\"{&quot;background_background&quot;:&quot;classic&quot;,&quot;ekit_has_onepagescroll_dot&quot;:&quot;yes&quot;}\">\n\t\t\t\t\t\t\t<div class=\"elementor-background-overlay\"><\/div>\n\t\t\t\t\t\t\t<div class=\"elementor-container elementor-column-gap-default\">\n\t\t\t\t\t<div class=\"elementor-column elementor-col-100 elementor-top-column elementor-element elementor-element-2359dd6a exad-glass-effect-no exad-sticky-section-no\" data-id=\"2359dd6a\" data-element_type=\"column\" data-e-type=\"column\">\n\t\t\t<div class=\"elementor-widget-wrap elementor-element-populated\">\n\t\t\t\t\t\t<div class=\"elementor-element elementor-element-7d9cbe80 elementor-widget__width-initial e-transform exad-sticky-section-no exad-glass-effect-no elementor-widget elementor-widget-heading\" data-id=\"7d9cbe80\" data-element_type=\"widget\" data-e-type=\"widget\" data-settings=\"{&quot;_transform_translateY_effect_mobile&quot;:{&quot;unit&quot;:&quot;px&quot;,&quot;size&quot;:-40,&quot;sizes&quot;:[]},&quot;ekit_we_effect_on&quot;:&quot;none&quot;,&quot;_transform_translateX_effect&quot;:{&quot;unit&quot;:&quot;px&quot;,&quot;size&quot;:&quot;&quot;,&quot;sizes&quot;:[]},&quot;_transform_translateX_effect_tablet&quot;:{&quot;unit&quot;:&quot;px&quot;,&quot;size&quot;:&quot;&quot;,&quot;sizes&quot;:[]},&quot;_transform_translateX_effect_mobile&quot;:{&quot;unit&quot;:&quot;px&quot;,&quot;size&quot;:&quot;&quot;,&quot;sizes&quot;:[]},&quot;_transform_translateY_effect&quot;:{&quot;unit&quot;:&quot;px&quot;,&quot;size&quot;:&quot;&quot;,&quot;sizes&quot;:[]},&quot;_transform_translateY_effect_tablet&quot;:{&quot;unit&quot;:&quot;px&quot;,&quot;size&quot;:&quot;&quot;,&quot;sizes&quot;:[]}}\" data-widget_type=\"heading.default\">\n\t\t\t\t<div class=\"elementor-widget-container\">\n\t\t\t\t\t<h2 class=\"elementor-heading-title elementor-size-default\">Schedule<\/h2>\t\t\t\t<\/div>\n\t\t\t\t<\/div>\n\t\t\t\t<div class=\"elementor-element elementor-element-4673574f elementor-button-info elementor-align-center e-transform exad-sticky-section-no exad-glass-effect-no elementor-widget elementor-widget-button\" data-id=\"4673574f\" data-element_type=\"widget\" data-e-type=\"widget\" data-settings=\"{&quot;_transform_translateY_effect_mobile&quot;:{&quot;unit&quot;:&quot;px&quot;,&quot;size&quot;:-40,&quot;sizes&quot;:[]},&quot;ekit_we_effect_on&quot;:&quot;none&quot;,&quot;_transform_translateX_effect&quot;:{&quot;unit&quot;:&quot;px&quot;,&quot;size&quot;:&quot;&quot;,&quot;sizes&quot;:[]},&quot;_transform_translateX_effect_tablet&quot;:{&quot;unit&quot;:&quot;px&quot;,&quot;size&quot;:&quot;&quot;,&quot;sizes&quot;:[]},&quot;_transform_translateX_effect_mobile&quot;:{&quot;unit&quot;:&quot;px&quot;,&quot;size&quot;:&quot;&quot;,&quot;sizes&quot;:[]},&quot;_transform_translateY_effect&quot;:{&quot;unit&quot;:&quot;px&quot;,&quot;size&quot;:&quot;&quot;,&quot;sizes&quot;:[]},&quot;_transform_translateY_effect_tablet&quot;:{&quot;unit&quot;:&quot;px&quot;,&quot;size&quot;:&quot;&quot;,&quot;sizes&quot;:[]}}\" data-widget_type=\"button.default\">\n\t\t\t\t<div class=\"elementor-widget-container\">\n\t\t\t\t\t\t\t\t\t<div class=\"elementor-button-wrapper\">\n\t\t\t\t\t<a class=\"elementor-button elementor-button-link elementor-size-sm\" href=\"https:\/\/www.ajahouse.fr\/en\/tarifs\/\">\n\t\t\t\t\t\t<span class=\"elementor-button-content-wrapper\">\n\t\t\t\t\t\t\t\t\t<span class=\"elementor-button-text\">Pricing<\/span>\n\t\t\t\t\t<\/span>\n\t\t\t\t\t<\/a>\n\t\t\t\t<\/div>\n\t\t\t\t\t\t\t\t<\/div>\n\t\t\t\t<\/div>\n\t\t\t\t\t<\/div>\n\t\t<\/div>\n\t\t\t\t\t<\/div>\n\t\t<\/section>\n\t\t\t\t<section class=\"elementor-section elementor-top-section elementor-element elementor-element-443f6056 elementor-section-boxed elementor-section-height-default elementor-section-height-default exad-glass-effect-no wpr-particle-no wpr-jarallax-no wpr-parallax-no wpr-sticky-section-no exad-sticky-section-no\" data-id=\"443f6056\" data-element_type=\"section\" data-e-type=\"section\" data-settings=\"{&quot;background_background&quot;:&quot;classic&quot;,&quot;ekit_has_onepagescroll_dot&quot;:&quot;yes&quot;}\">\n\t\t\t\t\t\t<div class=\"elementor-container elementor-column-gap-no\">\n\t\t\t\t\t<div class=\"elementor-column elementor-col-100 elementor-top-column elementor-element elementor-element-35c99b04 exad-glass-effect-no exad-sticky-section-no\" data-id=\"35c99b04\" data-element_type=\"column\" data-e-type=\"column\">\n\t\t\t<div class=\"elementor-widget-wrap elementor-element-populated\">\n\t\t\t\t\t\t<div class=\"elementor-element elementor-element-44c8f3bb exad-sticky-section-no exad-glass-effect-no elementor-widget elementor-widget-text-editor\" data-id=\"44c8f3bb\" data-element_type=\"widget\" data-e-type=\"widget\" data-settings=\"{&quot;ekit_we_effect_on&quot;:&quot;none&quot;}\" data-widget_type=\"text-editor.default\">\n\t\t\t\t<div class=\"elementor-widget-container\">\n\t\t\t\t\t\t\t\t\t<div>Make your bookings easier by downloading our app <strong>Aja House<\/strong>.<\/div><div>Annulation gratuite jusqu\u2019\u00e0 12h avant le cours. Pass\u00e9 ce d\u00e9lai, la s\u00e9ance vous sera factur\u00e9e.<\/div><div>\u00a0<\/div><div>Nous acceptons d\u00e9sormais les Coupons Sports et les Ch\u00e8ques-Vacances.<\/div>\t\t\t\t\t\t\t\t<\/div>\n\t\t\t\t<\/div>\n\t\t\t\t\t<\/div>\n\t\t<\/div>\n\t\t\t\t\t<\/div>\n\t\t<\/section>\n\t\t<div class=\"elementor-element elementor-element-ba24523 e-flex e-con-boxed wpr-particle-no wpr-jarallax-no wpr-parallax-no wpr-sticky-section-no e-con e-parent\" data-id=\"ba24523\" data-element_type=\"container\" data-e-type=\"container\" data-settings=\"{&quot;background_background&quot;:&quot;classic&quot;,&quot;ekit_has_onepagescroll_dot&quot;:&quot;yes&quot;}\">\n\t\t\t\t\t<div class=\"e-con-inner\">\n\t\t<div class=\"elementor-element elementor-element-bce69f8 e-con-full e-transform e-flex wpr-particle-no wpr-jarallax-no wpr-parallax-no wpr-sticky-section-no e-con e-child\" data-id=\"bce69f8\" data-element_type=\"container\" data-e-type=\"container\" data-settings=\"{&quot;ekit_has_onepagescroll_dot&quot;:&quot;yes&quot;,&quot;_transform_translateX_effect&quot;:{&quot;unit&quot;:&quot;px&quot;,&quot;size&quot;:&quot;&quot;,&quot;sizes&quot;:[]},&quot;_transform_translateX_effect_tablet&quot;:{&quot;unit&quot;:&quot;px&quot;,&quot;size&quot;:&quot;&quot;,&quot;sizes&quot;:[]},&quot;_transform_translateX_effect_mobile&quot;:{&quot;unit&quot;:&quot;px&quot;,&quot;size&quot;:&quot;&quot;,&quot;sizes&quot;:[]},&quot;_transform_translateY_effect&quot;:{&quot;unit&quot;:&quot;px&quot;,&quot;size&quot;:&quot;&quot;,&quot;sizes&quot;:[]},&quot;_transform_translateY_effect_tablet&quot;:{&quot;unit&quot;:&quot;px&quot;,&quot;size&quot;:&quot;&quot;,&quot;sizes&quot;:[]},&quot;_transform_translateY_effect_mobile&quot;:{&quot;unit&quot;:&quot;px&quot;,&quot;size&quot;:&quot;&quot;,&quot;sizes&quot;:[]}}\">\n\t\t\t\t<div class=\"elementor-element elementor-element-b62dbdb elementor-button-info elementor-align-center e-transform exad-sticky-section-no exad-glass-effect-no elementor-widget elementor-widget-button\" data-id=\"b62dbdb\" data-element_type=\"widget\" data-e-type=\"widget\" data-settings=\"{&quot;_transform_translateY_effect_mobile&quot;:{&quot;unit&quot;:&quot;px&quot;,&quot;size&quot;:-40,&quot;sizes&quot;:[]},&quot;ekit_we_effect_on&quot;:&quot;none&quot;,&quot;_transform_translateX_effect&quot;:{&quot;unit&quot;:&quot;px&quot;,&quot;size&quot;:&quot;&quot;,&quot;sizes&quot;:[]},&quot;_transform_translateX_effect_tablet&quot;:{&quot;unit&quot;:&quot;px&quot;,&quot;size&quot;:&quot;&quot;,&quot;sizes&quot;:[]},&quot;_transform_translateX_effect_mobile&quot;:{&quot;unit&quot;:&quot;px&quot;,&quot;size&quot;:&quot;&quot;,&quot;sizes&quot;:[]},&quot;_transform_translateY_effect&quot;:{&quot;unit&quot;:&quot;px&quot;,&quot;size&quot;:&quot;&quot;,&quot;sizes&quot;:[]},&quot;_transform_translateY_effect_tablet&quot;:{&quot;unit&quot;:&quot;px&quot;,&quot;size&quot;:&quot;&quot;,&quot;sizes&quot;:[]}}\" data-widget_type=\"button.default\">\n\t\t\t\t<div class=\"elementor-widget-container\">\n\t\t\t\t\t\t\t\t\t<div class=\"elementor-button-wrapper\">\n\t\t\t\t\t<a class=\"elementor-button elementor-button-link elementor-size-sm\" href=\"https:\/\/www.ajahouse.fr\/wp-content\/uploads\/2026\/03\/Aja-House-Planning-printemps-2026.pdf\">\n\t\t\t\t\t\t<span class=\"elementor-button-content-wrapper\">\n\t\t\t\t\t\t\t\t\t<span class=\"elementor-button-text\"> Download the PDF schedule<\/span>\n\t\t\t\t\t<\/span>\n\t\t\t\t\t<\/a>\n\t\t\t\t<\/div>\n\t\t\t\t\t\t\t\t<\/div>\n\t\t\t\t<\/div>\n\t\t\t\t<\/div>\n\t\t<div class=\"elementor-element elementor-element-dc8bf56 e-con-full e-flex wpr-particle-no wpr-jarallax-no wpr-parallax-no wpr-sticky-section-no e-con e-child\" data-id=\"dc8bf56\" data-element_type=\"container\" data-e-type=\"container\" data-settings=\"{&quot;ekit_has_onepagescroll_dot&quot;:&quot;yes&quot;}\">\n\t\t\t\t<div class=\"elementor-element elementor-element-b49fdd9 elementor-button-info elementor-align-center e-transform exad-sticky-section-no exad-glass-effect-no elementor-widget elementor-widget-button\" data-id=\"b49fdd9\" data-element_type=\"widget\" data-e-type=\"widget\" data-settings=\"{&quot;_transform_translateY_effect_mobile&quot;:{&quot;unit&quot;:&quot;px&quot;,&quot;size&quot;:-40,&quot;sizes&quot;:[]},&quot;ekit_we_effect_on&quot;:&quot;none&quot;,&quot;_transform_translateX_effect&quot;:{&quot;unit&quot;:&quot;px&quot;,&quot;size&quot;:&quot;&quot;,&quot;sizes&quot;:[]},&quot;_transform_translateX_effect_tablet&quot;:{&quot;unit&quot;:&quot;px&quot;,&quot;size&quot;:&quot;&quot;,&quot;sizes&quot;:[]},&quot;_transform_translateX_effect_mobile&quot;:{&quot;unit&quot;:&quot;px&quot;,&quot;size&quot;:&quot;&quot;,&quot;sizes&quot;:[]},&quot;_transform_translateY_effect&quot;:{&quot;unit&quot;:&quot;px&quot;,&quot;size&quot;:&quot;&quot;,&quot;sizes&quot;:[]},&quot;_transform_translateY_effect_tablet&quot;:{&quot;unit&quot;:&quot;px&quot;,&quot;size&quot;:&quot;&quot;,&quot;sizes&quot;:[]}}\" data-widget_type=\"button.default\">\n\t\t\t\t<div class=\"elementor-widget-container\">\n\t\t\t\t\t\t\t\t\t<div class=\"elementor-button-wrapper\">\n\t\t\t\t\t<a class=\"elementor-button elementor-button-link elementor-size-sm\" href=\"https:\/\/apps.apple.com\/us\/app\/aja-house\/id6736754693\">\n\t\t\t\t\t\t<span class=\"elementor-button-content-wrapper\">\n\t\t\t\t\t\t\t\t\t<span class=\"elementor-button-text\">Our app: App Store<\/span>\n\t\t\t\t\t<\/span>\n\t\t\t\t\t<\/a>\n\t\t\t\t<\/div>\n\t\t\t\t\t\t\t\t<\/div>\n\t\t\t\t<\/div>\n\t\t\t\t<\/div>\n\t\t<div class=\"elementor-element elementor-element-5afc7ca e-con-full e-flex wpr-particle-no wpr-jarallax-no wpr-parallax-no wpr-sticky-section-no e-con e-child\" data-id=\"5afc7ca\" data-element_type=\"container\" data-e-type=\"container\" data-settings=\"{&quot;ekit_has_onepagescroll_dot&quot;:&quot;yes&quot;}\">\n\t\t\t\t<div class=\"elementor-element elementor-element-57ce478 elementor-button-info elementor-align-center e-transform exad-sticky-section-no exad-glass-effect-no elementor-widget elementor-widget-button\" data-id=\"57ce478\" data-element_type=\"widget\" data-e-type=\"widget\" data-settings=\"{&quot;_transform_translateY_effect_mobile&quot;:{&quot;unit&quot;:&quot;px&quot;,&quot;size&quot;:-40,&quot;sizes&quot;:[]},&quot;ekit_we_effect_on&quot;:&quot;none&quot;,&quot;_transform_translateX_effect&quot;:{&quot;unit&quot;:&quot;px&quot;,&quot;size&quot;:&quot;&quot;,&quot;sizes&quot;:[]},&quot;_transform_translateX_effect_tablet&quot;:{&quot;unit&quot;:&quot;px&quot;,&quot;size&quot;:&quot;&quot;,&quot;sizes&quot;:[]},&quot;_transform_translateX_effect_mobile&quot;:{&quot;unit&quot;:&quot;px&quot;,&quot;size&quot;:&quot;&quot;,&quot;sizes&quot;:[]},&quot;_transform_translateY_effect&quot;:{&quot;unit&quot;:&quot;px&quot;,&quot;size&quot;:&quot;&quot;,&quot;sizes&quot;:[]},&quot;_transform_translateY_effect_tablet&quot;:{&quot;unit&quot;:&quot;px&quot;,&quot;size&quot;:&quot;&quot;,&quot;sizes&quot;:[]}}\" data-widget_type=\"button.default\">\n\t\t\t\t<div class=\"elementor-widget-container\">\n\t\t\t\t\t\t\t\t\t<div class=\"elementor-button-wrapper\">\n\t\t\t\t\t<a class=\"elementor-button elementor-button-link elementor-size-sm\" href=\"https:\/\/play.google.com\/store\/apps\/details?id=com.fitnessmobileapps.ajahouse40114&#038;hl=en_US&#038;gl=US\">\n\t\t\t\t\t\t<span class=\"elementor-button-content-wrapper\">\n\t\t\t\t\t\t\t\t\t<span class=\"elementor-button-text\">Our app: Google Play<\/span>\n\t\t\t\t\t<\/span>\n\t\t\t\t\t<\/a>\n\t\t\t\t<\/div>\n\t\t\t\t\t\t\t\t<\/div>\n\t\t\t\t<\/div>\n\t\t\t\t<\/div>\n\t\t\t\t\t<\/div>\n\t\t\t\t<\/div>\n\t\t\t\t<section class=\"elementor-section elementor-top-section elementor-element elementor-element-1e69cbcc elementor-section-full_width elementor-section-content-bottom elementor-section-height-default elementor-section-height-default exad-glass-effect-no wpr-particle-no wpr-jarallax-no wpr-parallax-no wpr-sticky-section-no exad-sticky-section-no\" data-id=\"1e69cbcc\" data-element_type=\"section\" data-e-type=\"section\" data-settings=\"{&quot;background_background&quot;:&quot;classic&quot;,&quot;ekit_has_onepagescroll_dot&quot;:&quot;yes&quot;}\">\n\t\t\t\t\t\t<div class=\"elementor-container elementor-column-gap-no\">\n\t\t\t\t\t<div class=\"elementor-column elementor-col-100 elementor-top-column elementor-element elementor-element-4b7ee055 exad-glass-effect-no exad-sticky-section-no\" data-id=\"4b7ee055\" data-element_type=\"column\" data-e-type=\"column\">\n\t\t\t<div class=\"elementor-widget-wrap elementor-element-populated\">\n\t\t\t\t\t\t<div class=\"elementor-element elementor-element-dc9a94d elementor-widget-divider--view-line exad-sticky-section-no exad-glass-effect-no elementor-widget elementor-widget-divider\" data-id=\"dc9a94d\" data-element_type=\"widget\" data-e-type=\"widget\" data-settings=\"{&quot;ekit_we_effect_on&quot;:&quot;none&quot;}\" data-widget_type=\"divider.default\">\n\t\t\t\t<div class=\"elementor-widget-container\">\n\t\t\t\t\t\t\t<div class=\"elementor-divider\">\n\t\t\t<span class=\"elementor-divider-separator\">\n\t\t\t\t\t\t<\/span>\n\t\t<\/div>\n\t\t\t\t\t\t<\/div>\n\t\t\t\t<\/div>\n\t\t\t\t\t<\/div>\n\t\t<\/div>\n\t\t\t\t\t<\/div>\n\t\t<\/section>\n\t\t<div class=\"elementor-element elementor-element-02625ed e-flex e-con-boxed wpr-particle-no wpr-jarallax-no wpr-parallax-no wpr-sticky-section-no e-con e-parent\" data-id=\"02625ed\" data-element_type=\"container\" data-e-type=\"container\" data-settings=\"{&quot;ekit_has_onepagescroll_dot&quot;:&quot;yes&quot;}\">\n\t\t\t\t\t<div class=\"e-con-inner\">\n\t\t\t\t<div class=\"elementor-element elementor-element-47d6592 exad-sticky-section-no exad-glass-effect-no elementor-widget elementor-widget-html\" data-id=\"47d6592\" data-element_type=\"widget\" data-e-type=\"widget\" data-settings=\"{&quot;ekit_we_effect_on&quot;:&quot;none&quot;}\" data-widget_type=\"html.default\">\n\t\t\t\t<div class=\"elementor-widget-container\">\n\t\t\t\t\t<div class=\"mindbody-widget\" data-widget-type=\"Schedules\" data-widget-id=\"e56825fb40\"><\/div>\n\n<script>\ndocument.addEventListener(\"DOMContentLoaded\", function() {\n  if (window.MBWidget) {\n    MBWidget.init();\n  }\n});\n<\/script>\n\n<script async src=\"https:\/\/brandedweb.mindbodyonline.com\/embed\/widget.js\"><\/script>\t\t\t\t<\/div>\n\t\t\t\t<\/div>\n\t\t\t\t\t<\/div>\n\t\t\t\t<\/div>\n\t\t\t\t<\/div>","protected":false},"excerpt":{"rendered":"<p>Planning VOIR LES TARIFS Simplifiez vos r\u00e9servations en t\u00e9l\u00e9chargeant notre application Aja House.Annulation gratuite jusqu\u2019\u00e0 12h avant le cours. Pass\u00e9 ce d\u00e9lai, la s\u00e9ance vous sera factur\u00e9e.\u00a0Nous acceptons d\u00e9sormais les Coupons Sports et les Ch\u00e8ques-Vacances. T\u00e9L\u00e9CHARGER LE PLANNING APP SUR APPLE Store APP SUR Google Play<\/p>","protected":false},"author":1,"featured_media":3596,"parent":0,"menu_order":0,"comment_status":"closed","ping_status":"closed","template":"","meta":{"_eb_attr":"","footnotes":""},"class_list":["post-81","page","type-page","status-publish","has-post-thumbnail","hentry"],"yoast_head":"<!-- This site is optimized with the Yoast SEO Premium plugin v24.7 (Yoast SEO v27.3) - https:\/\/yoast.com\/product\/yoast-seo-premium-wordpress\/ -->\n<title>Planning - Aja House<\/title>\n<meta name=\"robots\" content=\"index, follow, max-snippet:-1, max-image-preview:large, max-video-preview:-1\" \/>\n<link rel=\"canonical\" href=\"https:\/\/www.ajahouse.fr\/en\/planning\/\" \/>\n<meta property=\"og:locale\" content=\"en_US\" \/>\n<meta property=\"og:type\" content=\"article\" \/>\n<meta property=\"og:title\" content=\"Planning\" \/>\n<meta property=\"og:description\" content=\"Planning VOIR LES TARIFS Simplifiez vos r\u00e9servations en t\u00e9l\u00e9chargeant notre application Aja House.Annulation gratuite jusqu\u2019\u00e0 12h avant le cours. Pass\u00e9 ce d\u00e9lai, la s\u00e9ance vous sera factur\u00e9e.\u00a0Nous acceptons d\u00e9sormais les Coupons Sports et les Ch\u00e8ques-Vacances. T\u00e9L\u00e9CHARGER LE PLANNING APP SUR APPLE Store APP SUR Google Play\" \/>\n<meta property=\"og:url\" content=\"https:\/\/www.ajahouse.fr\/en\/planning\/\" \/>\n<meta property=\"og:site_name\" content=\"Aja House\" \/>\n<meta property=\"article:modified_time\" content=\"2026-03-28T16:47:27+00:00\" \/>\n<meta property=\"og:image\" content=\"https:\/\/www.ajahouse.fr\/wp-content\/uploads\/2024\/09\/WhatsApp-Image-2024-12-18-at-12.23.25-e1734521092486.jpeg\" \/>\n\t<meta property=\"og:image:width\" content=\"458\" \/>\n\t<meta property=\"og:image:height\" content=\"443\" \/>\n\t<meta property=\"og:image:type\" content=\"image\/jpeg\" \/>\n<meta name=\"twitter:card\" content=\"summary_large_image\" \/>\n<meta name=\"twitter:label1\" content=\"Est. reading time\" \/>\n\t<meta name=\"twitter:data1\" content=\"1 minute\" \/>\n<script type=\"application\/ld+json\" class=\"yoast-schema-graph\">{\"@context\":\"https:\\\/\\\/schema.org\",\"@graph\":[{\"@type\":\"WebPage\",\"@id\":\"https:\\\/\\\/www.ajahouse.fr\\\/planning\\\/\",\"url\":\"https:\\\/\\\/www.ajahouse.fr\\\/planning\\\/\",\"name\":\"Planning - Aja House\",\"isPartOf\":{\"@id\":\"https:\\\/\\\/www.ajahouse.fr\\\/en\\\/#website\"},\"primaryImageOfPage\":{\"@id\":\"https:\\\/\\\/www.ajahouse.fr\\\/planning\\\/#primaryimage\"},\"image\":{\"@id\":\"https:\\\/\\\/www.ajahouse.fr\\\/planning\\\/#primaryimage\"},\"thumbnailUrl\":\"https:\\\/\\\/www.ajahouse.fr\\\/wp-content\\\/uploads\\\/2024\\\/09\\\/WhatsApp-Image-2024-12-18-at-12.23.25-e1734521092486.jpeg\",\"datePublished\":\"2024-09-13T11:56:39+00:00\",\"dateModified\":\"2026-03-28T16:47:27+00:00\",\"breadcrumb\":{\"@id\":\"https:\\\/\\\/www.ajahouse.fr\\\/planning\\\/#breadcrumb\"},\"inLanguage\":\"en-US\",\"potentialAction\":[{\"@type\":\"ReadAction\",\"target\":[\"https:\\\/\\\/www.ajahouse.fr\\\/planning\\\/\"]}]},{\"@type\":\"ImageObject\",\"inLanguage\":\"en-US\",\"@id\":\"https:\\\/\\\/www.ajahouse.fr\\\/planning\\\/#primaryimage\",\"url\":\"https:\\\/\\\/www.ajahouse.fr\\\/wp-content\\\/uploads\\\/2024\\\/09\\\/WhatsApp-Image-2024-12-18-at-12.23.25-e1734521092486.jpeg\",\"contentUrl\":\"https:\\\/\\\/www.ajahouse.fr\\\/wp-content\\\/uploads\\\/2024\\\/09\\\/WhatsApp-Image-2024-12-18-at-12.23.25-e1734521092486.jpeg\",\"width\":458,\"height\":443,\"caption\":\"logo aja house version minimaliste ronde creme\"},{\"@type\":\"BreadcrumbList\",\"@id\":\"https:\\\/\\\/www.ajahouse.fr\\\/planning\\\/#breadcrumb\",\"itemListElement\":[{\"@type\":\"ListItem\",\"position\":1,\"name\":\"Accueil\",\"item\":\"https:\\\/\\\/www.ajahouse.fr\\\/en\\\/\"},{\"@type\":\"ListItem\",\"position\":2,\"name\":\"Planning\"}]},{\"@type\":\"WebSite\",\"@id\":\"https:\\\/\\\/www.ajahouse.fr\\\/en\\\/#website\",\"url\":\"https:\\\/\\\/www.ajahouse.fr\\\/en\\\/\",\"name\":\"Aja House\",\"description\":\"Studio de Pilates Reformer, Yoga, Barre et Cardio \u00b7 Paris 7\",\"publisher\":{\"@id\":\"https:\\\/\\\/www.ajahouse.fr\\\/en\\\/#organization\"},\"potentialAction\":[{\"@type\":\"SearchAction\",\"target\":{\"@type\":\"EntryPoint\",\"urlTemplate\":\"https:\\\/\\\/www.ajahouse.fr\\\/en\\\/?s={search_term_string}\"},\"query-input\":{\"@type\":\"PropertyValueSpecification\",\"valueRequired\":true,\"valueName\":\"search_term_string\"}}],\"inLanguage\":\"en-US\"},{\"@type\":\"Organization\",\"@id\":\"https:\\\/\\\/www.ajahouse.fr\\\/en\\\/#organization\",\"name\":\"Aja House\",\"url\":\"https:\\\/\\\/www.ajahouse.fr\\\/en\\\/\",\"logo\":{\"@type\":\"ImageObject\",\"inLanguage\":\"en-US\",\"@id\":\"https:\\\/\\\/www.ajahouse.fr\\\/en\\\/#\\\/schema\\\/logo\\\/image\\\/\",\"url\":\"https:\\\/\\\/www.ajahouse.fr\\\/wp-content\\\/uploads\\\/2024\\\/09\\\/WhatsApp-Image-2024-12-18-at-12.23.25-e1734521092486.jpeg\",\"contentUrl\":\"https:\\\/\\\/www.ajahouse.fr\\\/wp-content\\\/uploads\\\/2024\\\/09\\\/WhatsApp-Image-2024-12-18-at-12.23.25-e1734521092486.jpeg\",\"width\":458,\"height\":443,\"caption\":\"Aja House\"},\"image\":{\"@id\":\"https:\\\/\\\/www.ajahouse.fr\\\/en\\\/#\\\/schema\\\/logo\\\/image\\\/\"}}]}<\/script>\n<!-- \/ Yoast SEO Premium plugin. -->","yoast_head_json":{"title":"Planning - Aja House","robots":{"index":"index","follow":"follow","max-snippet":"max-snippet:-1","max-image-preview":"max-image-preview:large","max-video-preview":"max-video-preview:-1"},"canonical":"https:\/\/www.ajahouse.fr\/en\/planning\/","og_locale":"en_US","og_type":"article","og_title":"Planning","og_description":"Planning VOIR LES TARIFS Simplifiez vos r\u00e9servations en t\u00e9l\u00e9chargeant notre application Aja House.Annulation gratuite jusqu\u2019\u00e0 12h avant le cours. Pass\u00e9 ce d\u00e9lai, la s\u00e9ance vous sera factur\u00e9e.\u00a0Nous acceptons d\u00e9sormais les Coupons Sports et les Ch\u00e8ques-Vacances. T\u00e9L\u00e9CHARGER LE PLANNING APP SUR APPLE Store APP SUR Google Play","og_url":"https:\/\/www.ajahouse.fr\/en\/planning\/","og_site_name":"Aja House","article_modified_time":"2026-03-28T16:47:27+00:00","og_image":[{"width":458,"height":443,"url":"https:\/\/www.ajahouse.fr\/wp-content\/uploads\/2024\/09\/WhatsApp-Image-2024-12-18-at-12.23.25-e1734521092486.jpeg","type":"image\/jpeg"}],"twitter_card":"summary_large_image","twitter_misc":{"Est. reading time":"1 minute"},"schema":{"@context":"https:\/\/schema.org","@graph":[{"@type":"WebPage","@id":"https:\/\/www.ajahouse.fr\/planning\/","url":"https:\/\/www.ajahouse.fr\/planning\/","name":"Planning - Aja House","isPartOf":{"@id":"https:\/\/www.ajahouse.fr\/en\/#website"},"primaryImageOfPage":{"@id":"https:\/\/www.ajahouse.fr\/planning\/#primaryimage"},"image":{"@id":"https:\/\/www.ajahouse.fr\/planning\/#primaryimage"},"thumbnailUrl":"https:\/\/www.ajahouse.fr\/wp-content\/uploads\/2024\/09\/WhatsApp-Image-2024-12-18-at-12.23.25-e1734521092486.jpeg","datePublished":"2024-09-13T11:56:39+00:00","dateModified":"2026-03-28T16:47:27+00:00","breadcrumb":{"@id":"https:\/\/www.ajahouse.fr\/planning\/#breadcrumb"},"inLanguage":"en-US","potentialAction":[{"@type":"ReadAction","target":["https:\/\/www.ajahouse.fr\/planning\/"]}]},{"@type":"ImageObject","inLanguage":"en-US","@id":"https:\/\/www.ajahouse.fr\/planning\/#primaryimage","url":"https:\/\/www.ajahouse.fr\/wp-content\/uploads\/2024\/09\/WhatsApp-Image-2024-12-18-at-12.23.25-e1734521092486.jpeg","contentUrl":"https:\/\/www.ajahouse.fr\/wp-content\/uploads\/2024\/09\/WhatsApp-Image-2024-12-18-at-12.23.25-e1734521092486.jpeg","width":458,"height":443,"caption":"logo aja house version minimaliste ronde creme"},{"@type":"BreadcrumbList","@id":"https:\/\/www.ajahouse.fr\/planning\/#breadcrumb","itemListElement":[{"@type":"ListItem","position":1,"name":"Accueil","item":"https:\/\/www.ajahouse.fr\/en\/"},{"@type":"ListItem","position":2,"name":"Planning"}]},{"@type":"WebSite","@id":"https:\/\/www.ajahouse.fr\/en\/#website","url":"https:\/\/www.ajahouse.fr\/en\/","name":"Aja House","description":"Studio de Pilates Reformer, Yoga, Barre et Cardio \u00b7 Paris 7","publisher":{"@id":"https:\/\/www.ajahouse.fr\/en\/#organization"},"potentialAction":[{"@type":"SearchAction","target":{"@type":"EntryPoint","urlTemplate":"https:\/\/www.ajahouse.fr\/en\/?s={search_term_string}"},"query-input":{"@type":"PropertyValueSpecification","valueRequired":true,"valueName":"search_term_string"}}],"inLanguage":"en-US"},{"@type":"Organization","@id":"https:\/\/www.ajahouse.fr\/en\/#organization","name":"Aja House","url":"https:\/\/www.ajahouse.fr\/en\/","logo":{"@type":"ImageObject","inLanguage":"en-US","@id":"https:\/\/www.ajahouse.fr\/en\/#\/schema\/logo\/image\/","url":"https:\/\/www.ajahouse.fr\/wp-content\/uploads\/2024\/09\/WhatsApp-Image-2024-12-18-at-12.23.25-e1734521092486.jpeg","contentUrl":"https:\/\/www.ajahouse.fr\/wp-content\/uploads\/2024\/09\/WhatsApp-Image-2024-12-18-at-12.23.25-e1734521092486.jpeg","width":458,"height":443,"caption":"Aja House"},"image":{"@id":"https:\/\/www.ajahouse.fr\/en\/#\/schema\/logo\/image\/"}}]}},"_links":{"self":[{"href":"https:\/\/www.ajahouse.fr\/en\/wp-json\/wp\/v2\/pages\/81","targetHints":{"allow":["GET"]}}],"collection":[{"href":"https:\/\/www.ajahouse.fr\/en\/wp-json\/wp\/v2\/pages"}],"about":[{"href":"https:\/\/www.ajahouse.fr\/en\/wp-json\/wp\/v2\/types\/page"}],"author":[{"embeddable":true,"href":"https:\/\/www.ajahouse.fr\/en\/wp-json\/wp\/v2\/users\/1"}],"replies":[{"embeddable":true,"href":"https:\/\/www.ajahouse.fr\/en\/wp-json\/wp\/v2\/comments?post=81"}],"version-history":[{"count":0,"href":"https:\/\/www.ajahouse.fr\/en\/wp-json\/wp\/v2\/pages\/81\/revisions"}],"wp:featuredmedia":[{"embeddable":true,"href":"https:\/\/www.ajahouse.fr\/en\/wp-json\/wp\/v2\/media\/3596"}],"wp:attachment":[{"href":"https:\/\/www.ajahouse.fr\/en\/wp-json\/wp\/v2\/media?parent=81"}],"curies":[{"name":"wp","href":"https:\/\/api.w.org\/{rel}","templated":true}]}}